{"id":1737,"date":"2024-11-06T12:59:01","date_gmt":"2024-11-06T11:59:01","guid":{"rendered":"https:\/\/ttgold.hu\/?page_id=1737"},"modified":"2024-11-06T13:21:42","modified_gmt":"2024-11-06T12:21:42","slug":"hirek","status":"publish","type":"page","link":"https:\/\/ttgold.hu\/en\/hirek\/","title":{"rendered":"News from K\u0151b\u00e1nya"},"content":{"rendered":"<div data-elementor-type=\"wp-page\" data-elementor-id=\"1737\" class=\"elementor elementor-1737\" data-elementor-post-type=\"page\">\n\t\t\t\t<div class=\"elementor-element elementor-element-970f480 e-flex e-con-boxed e-con e-parent\" data-id=\"970f480\" data-element_type=\"container\">\n\t\t\t\t\t<div class=\"e-con-inner\">\n\t\t\t\t<div class=\"elementor-element elementor-element-76e0f7c elementor-grid-3 elementor-grid-tablet-2 elementor-grid-mobile-1 elementor-posts--thumbnail-top elementor-card-shadow-yes elementor-posts__hover-gradient elementor-widget elementor-widget-posts\" data-id=\"76e0f7c\" data-element_type=\"widget\" data-settings=\"{&quot;cards_columns&quot;:&quot;3&quot;,&quot;cards_columns_tablet&quot;:&quot;2&quot;,&quot;cards_columns_mobile&quot;:&quot;1&quot;,&quot;cards_row_gap&quot;:{&quot;unit&quot;:&quot;px&quot;,&quot;size&quot;:35,&quot;sizes&quot;:[]},&quot;cards_row_gap_tablet&quot;:{&quot;unit&quot;:&quot;px&quot;,&quot;size&quot;:&quot;&quot;,&quot;sizes&quot;:[]},&quot;cards_row_gap_mobile&quot;:{&quot;unit&quot;:&quot;px&quot;,&quot;size&quot;:&quot;&quot;,&quot;sizes&quot;:[]}}\" data-widget_type=\"posts.cards\">\n\t\t\t\t<div class=\"elementor-widget-container\">\n\t\t\t\t\t\t\t<div class=\"elementor-posts-container elementor-posts elementor-posts--skin-cards elementor-grid\">\n\t\t\t\t<article class=\"elementor-post elementor-grid-item post-1744 post type-post status-publish format-standard has-post-thumbnail hentry category-kobanya tag-kobanya tag-megemlekezes\">\n\t\t\t<div class=\"elementor-post__card\">\n\t\t\t\t<a class=\"elementor-post__thumbnail__link\" href=\"https:\/\/ttgold.hu\/en\/56-os-megemlekezes\/\" tabindex=\"-1\" ><div class=\"elementor-post__thumbnail\"><img fetchpriority=\"high\" decoding=\"async\" width=\"1920\" height=\"1280\" src=\"https:\/\/ttgold.hu\/wp-content\/uploads\/2024\/11\/D_RUJ20231101015.jpg\" class=\"attachment-full size-full wp-image-1746\" alt=\"\" srcset=\"https:\/\/ttgold.hu\/wp-content\/uploads\/2024\/11\/D_RUJ20231101015.jpg 1920w, https:\/\/ttgold.hu\/wp-content\/uploads\/2024\/11\/D_RUJ20231101015-300x200.jpg 300w, https:\/\/ttgold.hu\/wp-content\/uploads\/2024\/11\/D_RUJ20231101015-1024x683.jpg 1024w, https:\/\/ttgold.hu\/wp-content\/uploads\/2024\/11\/D_RUJ20231101015-768x512.jpg 768w, https:\/\/ttgold.hu\/wp-content\/uploads\/2024\/11\/D_RUJ20231101015-1536x1024.jpg 1536w\" sizes=\"(max-width: 1920px) 100vw, 1920px\" \/><\/div><\/a>\n\t\t\t\t<div class=\"elementor-post__badge\">K\u0151b\u00e1nya<\/div>\n\t\t\t\t<div class=\"elementor-post__text\">\n\t\t\t\t<h3 class=\"elementor-post__title\">\n\t\t\t<a href=\"https:\/\/ttgold.hu\/en\/56-os-megemlekezes\/\" >\n\t\t\t\tCommemoration of '56\t\t\t<\/a>\n\t\t<\/h3>\n\t\t\n\t\t<a class=\"elementor-post__read-more\" href=\"https:\/\/ttgold.hu\/en\/56-os-megemlekezes\/\" aria-label=\"Read more about &#039;56 commemoration\" tabindex=\"-1\" >\n\t\t\tRead more \"\t\t<\/a>\n\n\t\t\t\t<\/div>\n\t\t\t\t<div class=\"elementor-post__meta-data\">\n\t\t\t\t\t<span class=\"elementor-post-date\">\n\t\t\t2024.11.06.\t\t<\/span>\n\t\t\t\t<\/div>\n\t\t\t\t\t<\/div>\n\t\t<\/article>\n\t\t\t\t<article class=\"elementor-post elementor-grid-item post-1752 post type-post status-publish format-standard has-post-thumbnail hentry category-kobanya tag-epitkezes tag-felujitas tag-jardafelujitas tag-kobanya\">\n\t\t\t<div class=\"elementor-post__card\">\n\t\t\t\t<a class=\"elementor-post__thumbnail__link\" href=\"https:\/\/ttgold.hu\/en\/megujulo-jardak-kobanyan\/\" tabindex=\"-1\" ><div class=\"elementor-post__thumbnail\"><img decoding=\"async\" width=\"1920\" height=\"1080\" src=\"https:\/\/ttgold.hu\/wp-content\/uploads\/2024\/11\/kep_2024-11-06_131829082.jpg\" class=\"attachment-full size-full wp-image-1753\" alt=\"\" srcset=\"https:\/\/ttgold.hu\/wp-content\/uploads\/2024\/11\/kep_2024-11-06_131829082.jpg 1920w, https:\/\/ttgold.hu\/wp-content\/uploads\/2024\/11\/kep_2024-11-06_131829082-300x169.jpg 300w, https:\/\/ttgold.hu\/wp-content\/uploads\/2024\/11\/kep_2024-11-06_131829082-1024x576.jpg 1024w, https:\/\/ttgold.hu\/wp-content\/uploads\/2024\/11\/kep_2024-11-06_131829082-768x432.jpg 768w, https:\/\/ttgold.hu\/wp-content\/uploads\/2024\/11\/kep_2024-11-06_131829082-1536x864.jpg 1536w\" sizes=\"(max-width: 1920px) 100vw, 1920px\" \/><\/div><\/a>\n\t\t\t\t<div class=\"elementor-post__badge\">K\u0151b\u00e1nya<\/div>\n\t\t\t\t<div class=\"elementor-post__text\">\n\t\t\t\t<h3 class=\"elementor-post__title\">\n\t\t\t<a href=\"https:\/\/ttgold.hu\/en\/megujulo-jardak-kobanyan\/\" >\n\t\t\t\tRenewable pavements in K\u0151b\u00e1nya\t\t\t<\/a>\n\t\t<\/h3>\n\t\t\n\t\t<a class=\"elementor-post__read-more\" href=\"https:\/\/ttgold.hu\/en\/megujulo-jardak-kobanyan\/\" aria-label=\"Read more about Renewable pavements in K\u0151b\u00e1nya\" tabindex=\"-1\" >\n\t\t\tRead more \"\t\t<\/a>\n\n\t\t\t\t<\/div>\n\t\t\t\t<div class=\"elementor-post__meta-data\">\n\t\t\t\t\t<span class=\"elementor-post-date\">\n\t\t\t2024.11.06.\t\t<\/span>\n\t\t\t\t<\/div>\n\t\t\t\t\t<\/div>\n\t\t<\/article>\n\t\t\t\t<article class=\"elementor-post elementor-grid-item post-1730 post type-post status-publish format-standard has-post-thumbnail hentry category-kobanya tag-bajcsy-korhaz tag-kobanya tag-ultrahang\">\n\t\t\t<div class=\"elementor-post__card\">\n\t\t\t\t<a class=\"elementor-post__thumbnail__link\" href=\"https:\/\/ttgold.hu\/en\/uj-ultrahang-keszulek-a-bajcsy-korhaz-szuleszet-nogyogyaszat-osztalyan\/\" tabindex=\"-1\" ><div class=\"elementor-post__thumbnail\"><img decoding=\"async\" width=\"1920\" height=\"1080\" src=\"https:\/\/ttgold.hu\/wp-content\/uploads\/2024\/11\/kep_2024-11-06_123833782.jpg\" class=\"attachment-full size-full wp-image-1732\" alt=\"\" srcset=\"https:\/\/ttgold.hu\/wp-content\/uploads\/2024\/11\/kep_2024-11-06_123833782.jpg 1920w, https:\/\/ttgold.hu\/wp-content\/uploads\/2024\/11\/kep_2024-11-06_123833782-300x169.jpg 300w, https:\/\/ttgold.hu\/wp-content\/uploads\/2024\/11\/kep_2024-11-06_123833782-1024x576.jpg 1024w, https:\/\/ttgold.hu\/wp-content\/uploads\/2024\/11\/kep_2024-11-06_123833782-768x432.jpg 768w, https:\/\/ttgold.hu\/wp-content\/uploads\/2024\/11\/kep_2024-11-06_123833782-1536x864.jpg 1536w\" sizes=\"(max-width: 1920px) 100vw, 1920px\" \/><\/div><\/a>\n\t\t\t\t<div class=\"elementor-post__badge\">K\u0151b\u00e1nya<\/div>\n\t\t\t\t<div class=\"elementor-post__text\">\n\t\t\t\t<h3 class=\"elementor-post__title\">\n\t\t\t<a href=\"https:\/\/ttgold.hu\/en\/uj-ultrahang-keszulek-a-bajcsy-korhaz-szuleszet-nogyogyaszat-osztalyan\/\" >\n\t\t\t\tNew ultrasound machine at the Department of Obstetrics and Gynaecology of Bajcsy Hospital\t\t\t<\/a>\n\t\t<\/h3>\n\t\t\n\t\t<a class=\"elementor-post__read-more\" href=\"https:\/\/ttgold.hu\/en\/uj-ultrahang-keszulek-a-bajcsy-korhaz-szuleszet-nogyogyaszat-osztalyan\/\" aria-label=\"Read more about New ultrasound equipment at the Department of Obstetrics and Gynaecology of Bajcsy Hospital\" tabindex=\"-1\" >\n\t\t\tRead more \"\t\t<\/a>\n\n\t\t\t\t<\/div>\n\t\t\t\t<div class=\"elementor-post__meta-data\">\n\t\t\t\t\t<span class=\"elementor-post-date\">\n\t\t\t2024.11.06.\t\t<\/span>\n\t\t\t\t<\/div>\n\t\t\t\t\t<\/div>\n\t\t<\/article>\n\t\t\t\t<article class=\"elementor-post elementor-grid-item post-1749 post type-post status-publish format-standard has-post-thumbnail hentry category-kobanya tag-kiallitas tag-kobanya\">\n\t\t\t<div class=\"elementor-post__card\">\n\t\t\t\t<a class=\"elementor-post__thumbnail__link\" href=\"https:\/\/ttgold.hu\/en\/absztrakt-vilag-kiallitasmegnyito-es-tudomanyos-eloadas\/\" tabindex=\"-1\" ><div class=\"elementor-post__thumbnail\"><img loading=\"lazy\" decoding=\"async\" width=\"1920\" height=\"1080\" src=\"https:\/\/ttgold.hu\/wp-content\/uploads\/2024\/11\/Kepernyokep-2024-11-06-131447.jpg\" class=\"attachment-full size-full wp-image-1750\" alt=\"\" srcset=\"https:\/\/ttgold.hu\/wp-content\/uploads\/2024\/11\/Kepernyokep-2024-11-06-131447.jpg 1920w, https:\/\/ttgold.hu\/wp-content\/uploads\/2024\/11\/Kepernyokep-2024-11-06-131447-300x169.jpg 300w, https:\/\/ttgold.hu\/wp-content\/uploads\/2024\/11\/Kepernyokep-2024-11-06-131447-1024x576.jpg 1024w, https:\/\/ttgold.hu\/wp-content\/uploads\/2024\/11\/Kepernyokep-2024-11-06-131447-768x432.jpg 768w, https:\/\/ttgold.hu\/wp-content\/uploads\/2024\/11\/Kepernyokep-2024-11-06-131447-1536x864.jpg 1536w\" sizes=\"(max-width: 1920px) 100vw, 1920px\" \/><\/div><\/a>\n\t\t\t\t<div class=\"elementor-post__badge\">K\u0151b\u00e1nya<\/div>\n\t\t\t\t<div class=\"elementor-post__text\">\n\t\t\t\t<h3 class=\"elementor-post__title\">\n\t\t\t<a href=\"https:\/\/ttgold.hu\/en\/absztrakt-vilag-kiallitasmegnyito-es-tudomanyos-eloadas\/\" >\n\t\t\t\t\"Abstract World\" - exhibition opening and scientific lecture\t\t\t<\/a>\n\t\t<\/h3>\n\t\t\n\t\t<a class=\"elementor-post__read-more\" href=\"https:\/\/ttgold.hu\/en\/absztrakt-vilag-kiallitasmegnyito-es-tudomanyos-eloadas\/\" aria-label=\"Read more about &quot;Abstract World&quot; - exhibition opening and scientific lecture\" tabindex=\"-1\" >\n\t\t\tRead more \"\t\t<\/a>\n\n\t\t\t\t<\/div>\n\t\t\t\t<div class=\"elementor-post__meta-data\">\n\t\t\t\t\t<span class=\"elementor-post-date\">\n\t\t\t2024.11.05.\t\t<\/span>\n\t\t\t\t<\/div>\n\t\t\t\t\t<\/div>\n\t\t<\/article>\n\t\t\t\t<article class=\"elementor-post elementor-grid-item post-1725 post type-post status-publish format-standard has-post-thumbnail hentry category-kobanya tag-diplomacia tag-kobanya tag-polgarmester tag-politika tag-valasztas\">\n\t\t\t<div class=\"elementor-post__card\">\n\t\t\t\t<a class=\"elementor-post__thumbnail__link\" href=\"https:\/\/ttgold.hu\/en\/ismet-d-kovacs-robert-antal-lett-kobanya-polgarmestere\/\" tabindex=\"-1\" ><div class=\"elementor-post__thumbnail\"><img loading=\"lazy\" decoding=\"async\" width=\"1536\" height=\"2048\" src=\"https:\/\/ttgold.hu\/wp-content\/uploads\/2024\/11\/448211394_868827691721928_6289753650450662193_n.jpg\" class=\"attachment-full size-full wp-image-1748\" alt=\"\" srcset=\"https:\/\/ttgold.hu\/wp-content\/uploads\/2024\/11\/448211394_868827691721928_6289753650450662193_n.jpg 1536w, https:\/\/ttgold.hu\/wp-content\/uploads\/2024\/11\/448211394_868827691721928_6289753650450662193_n-225x300.jpg 225w, https:\/\/ttgold.hu\/wp-content\/uploads\/2024\/11\/448211394_868827691721928_6289753650450662193_n-768x1024.jpg 768w, https:\/\/ttgold.hu\/wp-content\/uploads\/2024\/11\/448211394_868827691721928_6289753650450662193_n-1152x1536.jpg 1152w\" sizes=\"(max-width: 1536px) 100vw, 1536px\" \/><\/div><\/a>\n\t\t\t\t<div class=\"elementor-post__badge\">K\u0151b\u00e1nya<\/div>\n\t\t\t\t<div class=\"elementor-post__text\">\n\t\t\t\t<h3 class=\"elementor-post__title\">\n\t\t\t<a href=\"https:\/\/ttgold.hu\/en\/ismet-d-kovacs-robert-antal-lett-kobanya-polgarmestere\/\" >\n\t\t\t\tD. R\u00f3bert Antal Kov\u00e1cs is again elected Mayor of K\u0151b\u00e1nya\t\t\t<\/a>\n\t\t<\/h3>\n\t\t\n\t\t<a class=\"elementor-post__read-more\" href=\"https:\/\/ttgold.hu\/en\/ismet-d-kovacs-robert-antal-lett-kobanya-polgarmestere\/\" aria-label=\"Read more about Antal D. R\u00f3bert Kov\u00e1cs is again elected Mayor of K\u0151b\u00e1nya\" tabindex=\"-1\" >\n\t\t\tRead more \"\t\t<\/a>\n\n\t\t\t\t<\/div>\n\t\t\t\t<div class=\"elementor-post__meta-data\">\n\t\t\t\t\t<span class=\"elementor-post-date\">\n\t\t\t2024.06.10.\t\t<\/span>\n\t\t\t\t<\/div>\n\t\t\t\t\t<\/div>\n\t\t<\/article>\n\t\t\t\t<\/div>\n\t\t\n\t\t\t\t\t\t<\/div>\n\t\t\t\t<\/div>\n\t\t\t\t\t<\/div>\n\t\t\t\t<\/div>\n\t\t\t\t<\/div>","protected":false},"excerpt":{"rendered":"","protected":false},"author":2,"featured_media":0,"parent":0,"menu_order":0,"comment_status":"closed","ping_status":"closed","template":"","meta":{"footnotes":""},"class_list":["post-1737","page","type-page","status-publish","hentry"],"_links":{"self":[{"href":"https:\/\/ttgold.hu\/en\/wp-json\/wp\/v2\/pages\/1737","targetHints":{"allow":["GET"]}}],"collection":[{"href":"https:\/\/ttgold.hu\/en\/wp-json\/wp\/v2\/pages"}],"about":[{"href":"https:\/\/ttgold.hu\/en\/wp-json\/wp\/v2\/types\/page"}],"author":[{"embeddable":true,"href":"https:\/\/ttgold.hu\/en\/wp-json\/wp\/v2\/users\/2"}],"replies":[{"embeddable":true,"href":"https:\/\/ttgold.hu\/en\/wp-json\/wp\/v2\/comments?post=1737"}],"version-history":[{"count":5,"href":"https:\/\/ttgold.hu\/en\/wp-json\/wp\/v2\/pages\/1737\/revisions"}],"predecessor-version":[{"id":1756,"href":"https:\/\/ttgold.hu\/en\/wp-json\/wp\/v2\/pages\/1737\/revisions\/1756"}],"wp:attachment":[{"href":"https:\/\/ttgold.hu\/en\/wp-json\/wp\/v2\/media?parent=1737"}],"curies":[{"name":"wp","href":"https:\/\/api.w.org\/{rel}","templated":true}]}}